{"id":18,"date":"2015-09-25T12:07:34","date_gmt":"2015-09-25T10:07:34","guid":{"rendered":"http:\/\/eduroam.apsl.edu.pl\/?page_id=18"},"modified":"2024-12-04T14:47:09","modified_gmt":"2024-12-04T13:47:09","slug":"ja-zaczac","status":"publish","type":"page","link":"https:\/\/eduroam.upsl.edu.pl\/","title":{"rendered":"Start"},"content":{"rendered":"<p style=\"text-align: justify;\">System <strong>eduroam<\/strong> pozwala na uzyskanie dost\u0119pu do sieci bezprzewodowej bez konieczno\u015bci kontaktowania si\u0119 z lokalnymi administratorami.<\/p>\n<p style=\"text-align: justify;\">Pracownicy i studenci instytucji korzystaj\u0105cych z <strong>eduroam<\/strong>, za zgod\u0105 swoich instytucji macierzystych, mog\u0105 uzyska\u0107 dost\u0119p do Internetu na terenie wszystkich instytucji stowarzyszonych w <strong>eduroam<\/strong> (zar\u00f3wno w Polsce jak i za granic\u0105).<\/p>\n<p style=\"text-align: justify;\">Celem us\u0142ugi <strong>eduroam<\/strong> jest udost\u0119pnienie bezpiecznej \u0142\u0105czno\u015bci w ramach \u015brodowiska naukowego.<\/p>\n<p style=\"text-align: justify;\">Dost\u0119p do <strong>eduroam<\/strong> jest wsp\u00f3\u0142tworzony przez wszystkie instytucje, kt\u00f3re z niego korzystaj\u0105.<\/p>\n<p style=\"text-align: justify;\">Pe\u0142ny zakres informacji dotycz\u0105cych eduroam na stronie <a href=\"https:\/\/eduroam.pl\">https:\/\/eduroam.pl<\/a><\/p>\n<p style=\"text-align: justify;\">Aby uzyska\u0107 uprawnienia do korzystania z sieci <strong>eduroam<\/strong> w Uniwersytecie Pomorskim nale\u017cy si\u0119 zarejestrowa\u0107.<\/p>\n<p style=\"text-align: justify;\">LOKALIZACJA<\/p>\n<p>Sie\u0107 dost\u0119pna jest w budynkach:<\/p>\n<ul>\n<li>ul. Arciszewskiego<\/li>\n<li>ul. Westerplatte<\/li>\n<li>ul. S\u0142ownia\u0144ska<\/li>\n<li>ul. Partyzant\u00f3w<\/li>\n<li>ul. Kozietulskiego<\/li>\n<li>DS1<\/li>\n<li>DS3<\/li>\n<li>DS4<\/li>\n<\/ul>\n","protected":false},"excerpt":{"rendered":"<p>System eduroam pozwala na uzyskanie dost\u0119pu do sieci bezprzewodowej bez konieczno\u015bci kontaktowania si\u0119 z lokalnymi administratorami. Pracownicy i studenci instytucji korzystaj\u0105cych z eduroam, za zgod\u0105 swoich instytucji macierzystych, mog\u0105 uzyska\u0107 dost\u0119p do Internetu na terenie wszystkich instytucji stowarzyszonych w eduroam &hellip; <a href=\"https:\/\/eduroam.upsl.edu.pl\/\">Czytaj dalej <span class=\"meta-nav\">&rarr;<\/span><\/a><\/p>\n","protected":false},"author":3,"featured_media":0,"parent":0,"menu_order":0,"comment_status":"closed","ping_status":"closed","template":"","meta":[],"_links":{"self":[{"href":"https:\/\/eduroam.upsl.edu.pl\/index.php\/wp-json\/wp\/v2\/pages\/18"}],"collection":[{"href":"https:\/\/eduroam.upsl.edu.pl\/index.php\/wp-json\/wp\/v2\/pages"}],"about":[{"href":"https:\/\/eduroam.upsl.edu.pl\/index.php\/wp-json\/wp\/v2\/types\/page"}],"author":[{"embeddable":true,"href":"https:\/\/eduroam.upsl.edu.pl\/index.php\/wp-json\/wp\/v2\/users\/3"}],"replies":[{"embeddable":true,"href":"https:\/\/eduroam.upsl.edu.pl\/index.php\/wp-json\/wp\/v2\/comments?post=18"}],"version-history":[{"count":18,"href":"https:\/\/eduroam.upsl.edu.pl\/index.php\/wp-json\/wp\/v2\/pages\/18\/revisions"}],"predecessor-version":[{"id":350,"href":"https:\/\/eduroam.upsl.edu.pl\/index.php\/wp-json\/wp\/v2\/pages\/18\/revisions\/350"}],"wp:attachment":[{"href":"https:\/\/eduroam.upsl.edu.pl\/index.php\/wp-json\/wp\/v2\/media?parent=18"}],"curies":[{"name":"wp","href":"https:\/\/api.w.org\/{rel}","templated":true}]}}