{"id":170,"date":"2015-11-12T10:19:54","date_gmt":"2015-11-12T09:19:54","guid":{"rendered":"http:\/\/eduroam.apsl.edu.pl\/?page_id=170"},"modified":"2024-12-04T14:55:15","modified_gmt":"2024-12-04T13:55:15","slug":"kontakt","status":"publish","type":"page","link":"https:\/\/eduroam.upsl.edu.pl\/index.php\/kontakt\/","title":{"rendered":"Kontakt"},"content":{"rendered":"<p><strong>REJESTRACJA NOWYCH U\u017bYTKOWNIK\u00d3W<\/strong><\/p>\n<p>Sekcja Informatyki:<br \/>\nMa\u0142gorzata Koguciuk<br \/>\n(59) 84 05 342, wew. 342<br \/>\nmalgorzata.koguciuk@upsl.edu.pl<br \/>\nul. Arciszewskiego 22B, pok\u00f3j nr 109<\/p>\n","protected":false},"excerpt":{"rendered":"<p>REJESTRACJA NOWYCH U\u017bYTKOWNIK\u00d3W Sekcja Informatyki: Ma\u0142gorzata Koguciuk (59) 84 05 342, wew. 342 malgorzata.koguciuk@upsl.edu.pl ul. Arciszewskiego 22B, pok\u00f3j nr 109<\/p>\n","protected":false},"author":3,"featured_media":0,"parent":0,"menu_order":0,"comment_status":"closed","ping_status":"closed","template":"","meta":[],"_links":{"self":[{"href":"https:\/\/eduroam.upsl.edu.pl\/index.php\/wp-json\/wp\/v2\/pages\/170"}],"collection":[{"href":"https:\/\/eduroam.upsl.edu.pl\/index.php\/wp-json\/wp\/v2\/pages"}],"about":[{"href":"https:\/\/eduroam.upsl.edu.pl\/index.php\/wp-json\/wp\/v2\/types\/page"}],"author":[{"embeddable":true,"href":"https:\/\/eduroam.upsl.edu.pl\/index.php\/wp-json\/wp\/v2\/users\/3"}],"replies":[{"embeddable":true,"href":"https:\/\/eduroam.upsl.edu.pl\/index.php\/wp-json\/wp\/v2\/comments?post=170"}],"version-history":[{"count":8,"href":"https:\/\/eduroam.upsl.edu.pl\/index.php\/wp-json\/wp\/v2\/pages\/170\/revisions"}],"predecessor-version":[{"id":354,"href":"https:\/\/eduroam.upsl.edu.pl\/index.php\/wp-json\/wp\/v2\/pages\/170\/revisions\/354"}],"wp:attachment":[{"href":"https:\/\/eduroam.upsl.edu.pl\/index.php\/wp-json\/wp\/v2\/media?parent=170"}],"curies":[{"name":"wp","href":"https:\/\/api.w.org\/{rel}","templated":true}]}}