{"id":15,"date":"2015-09-25T11:41:38","date_gmt":"2015-09-25T09:41:38","guid":{"rendered":"http:\/\/eduroam.apsl.edu.pl\/?page_id=15"},"modified":"2024-12-04T14:45:07","modified_gmt":"2024-12-04T13:45:07","slug":"regulaminy","status":"publish","type":"page","link":"https:\/\/eduroam.upsl.edu.pl\/index.php\/regulaminy\/","title":{"rendered":"Regulaminy"},"content":{"rendered":"<p style=\"text-align: justify;\">Pe\u0142ny zestaw obowi\u0105zuj\u0105cych w eduroam regulamin\u00f3w dost\u0119pny jest na stronie <a href=\"https:\/\/www.eduroam.pl\/regulamin\/\">https:\/\/www.eduroam.pl\/regulamin\/<\/a>.<\/p>\n<p style=\"text-align: justify;\">Poni\u017cej wyci\u0105g z regulaminu dotycz\u0105cy obowi\u0105zk\u00f3w ka\u017cdego U\u017cytkownika eduroam<\/p>\n<p style=\"text-align: justify;\"><span style=\"font-family: Times New Roman,serif;\"><span style=\"font-size: medium;\">Wyci\u0105g &#8211; Obowi\u0105zki U\u017cytkownika eduroam<\/span><\/span><\/p>\n<p align=\"center\"><span style=\"font-family: Times New Roman,serif;\"><span style=\"font-size: medium;\">\u00a710<\/span><\/span><\/p>\n<p align=\"center\"><span style=\"font-family: Times New Roman,serif;\"><span style=\"font-size: medium;\">Obowi\u0105zki U\u017cytkownik\u00f3w:<\/span><\/span><\/p>\n<ol type=\"a\">\n<li style=\"text-align: justify;\"><span style=\"font-family: Times New Roman,serif;\"><span style=\"font-family: Times New Roman,serif;\"><span style=\"font-size: medium;\">U\u017cytkownik jest odpowiedzialny za wszelkie dzia\u0142ania sieciowe dokonane po uwierzytelnieniu przy pomocy jego danych uwierzytelniaj\u0105cych. W przypadku podejrzenia, \u017ce dane uwierzytelniaj\u0105ce mog\u0142y si\u0119 dosta\u0107 w r\u0119ce os\u00f3b trzecich, U\u017cytkownik jest zobowi\u0105zany do niezw\u0142ocznego zawiadomienia o tym fakcie administratora w swojej instytucji macierzystej, w przypadku niewykonania powy\u017cszego obowi\u0105zku U\u017cytkownik ponosi pe\u0142n\u0105 odpowiedzialno\u015b\u0107 za szkody wywo\u0142ane dzia\u0142aniem lub zaniechaniem os\u00f3b trzecich korzystaj\u0105cych z jego danych uwierzytelniaj\u0105cych (. Dane kontaktowe administratora s\u0105 podawane w odpowiednim serwisie internetowym instytucji macierzystej);<\/span><\/span><\/span><\/li>\n<li style=\"text-align: justify;\"><span style=\"font-family: Times New Roman,serif;\"><span style=\"font-family: Times New Roman,serif;\"><span style=\"font-size: medium;\">U\u017cytkownik powinien do\u0142o\u017cy\u0107 stara\u0144, aby przed wys\u0142aniem danych uwierzytelniaj\u0105cych upewni\u0107 si\u0119, \u017ce korzysta z autentycznego zasobu eduroam (zgodnie z zaleceniami swojej instytucji macierzystej);<\/span><\/span><\/span><\/li>\n<li style=\"text-align: justify;\"><span style=\"font-family: Times New Roman,serif;\"><span style=\"font-family: Times New Roman,serif;\"><span style=\"font-size: medium;\">U\u017cytkownik powinien by\u0107 \u015bwiadomy, \u017ce fakt go\u015bcinnego korzystania z sieci jest odnotowywany w logach systemowych zar\u00f3wno instytucji udost\u0119pniaj\u0105cej zasoby, jak i jego macierzystej instytucji uwierzytelniaj\u0105cej;<\/span><\/span><\/span><\/li>\n<li style=\"text-align: justify;\"><span style=\"font-family: Times New Roman,serif;\"><span style=\"font-family: Times New Roman,serif;\"><span style=\"font-size: medium;\">U\u017cytkownik musi dzia\u0142a\u0107 zgodnie z lokalnym prawem i regulaminem sieci komputerowej, z kt\u00f3rej korzysta;<\/span><\/span><\/span><\/li>\n<li style=\"text-align: justify;\"><span style=\"font-family: Times New Roman,serif;\"><span style=\"font-size: medium;\">U\u017cytkownik eduroam mo\u017ce korzysta\u0107 z go\u015bcinnego dost\u0119pu wy\u0142\u0105cznie na sw\u00f3j w\u0142asny u\u017cytek.<\/span><\/span><\/li>\n<li style=\"text-align: justify;\"><span style=\"font-family: Times New Roman,serif;\"><span style=\"font-size: medium;\">Wniosek z\u0142o\u017cony ale nie zrealizowany podlega kasacji po 30 dniach od daty z\u0142o\u017cenia.<\/span><\/span><\/li>\n<\/ol>\n","protected":false},"excerpt":{"rendered":"<p>Pe\u0142ny zestaw obowi\u0105zuj\u0105cych w eduroam regulamin\u00f3w dost\u0119pny jest na stronie https:\/\/www.eduroam.pl\/regulamin\/. Poni\u017cej wyci\u0105g z regulaminu dotycz\u0105cy obowi\u0105zk\u00f3w ka\u017cdego U\u017cytkownika eduroam Wyci\u0105g &#8211; Obowi\u0105zki U\u017cytkownika eduroam \u00a710 Obowi\u0105zki U\u017cytkownik\u00f3w: U\u017cytkownik jest odpowiedzialny za wszelkie dzia\u0142ania sieciowe dokonane po uwierzytelnieniu przy pomocy &hellip; <a href=\"https:\/\/eduroam.upsl.edu.pl\/index.php\/regulaminy\/\">Czytaj dalej <span class=\"meta-nav\">&rarr;<\/span><\/a><\/p>\n","protected":false},"author":3,"featured_media":0,"parent":0,"menu_order":0,"comment_status":"closed","ping_status":"closed","template":"","meta":[],"_links":{"self":[{"href":"https:\/\/eduroam.upsl.edu.pl\/index.php\/wp-json\/wp\/v2\/pages\/15"}],"collection":[{"href":"https:\/\/eduroam.upsl.edu.pl\/index.php\/wp-json\/wp\/v2\/pages"}],"about":[{"href":"https:\/\/eduroam.upsl.edu.pl\/index.php\/wp-json\/wp\/v2\/types\/page"}],"author":[{"embeddable":true,"href":"https:\/\/eduroam.upsl.edu.pl\/index.php\/wp-json\/wp\/v2\/users\/3"}],"replies":[{"embeddable":true,"href":"https:\/\/eduroam.upsl.edu.pl\/index.php\/wp-json\/wp\/v2\/comments?post=15"}],"version-history":[{"count":7,"href":"https:\/\/eduroam.upsl.edu.pl\/index.php\/wp-json\/wp\/v2\/pages\/15\/revisions"}],"predecessor-version":[{"id":347,"href":"https:\/\/eduroam.upsl.edu.pl\/index.php\/wp-json\/wp\/v2\/pages\/15\/revisions\/347"}],"wp:attachment":[{"href":"https:\/\/eduroam.upsl.edu.pl\/index.php\/wp-json\/wp\/v2\/media?parent=15"}],"curies":[{"name":"wp","href":"https:\/\/api.w.org\/{rel}","templated":true}]}}