{"id":145,"date":"2015-11-09T11:57:36","date_gmt":"2015-11-09T10:57:36","guid":{"rendered":"http:\/\/eduroam.apsl.edu.pl\/?page_id=145"},"modified":"2025-10-06T14:31:46","modified_gmt":"2025-10-06T12:31:46","slug":"konfiguracja","status":"publish","type":"page","link":"https:\/\/eduroam.upsl.edu.pl\/index.php\/konfiguracja\/","title":{"rendered":"Konfiguracja"},"content":{"rendered":"<p>Dost\u0119p do sieci bezprzewodowej Eduroam wymaga poprawnej konfiguracji interfejsu sieciowego:<\/p>\n<ul>\n<li>Nazwa sieci SSID : <strong>eduroam<\/strong><\/li>\n<li>Obs\u0142ugiwane standardy <strong>802.1x<\/strong><\/li>\n<li>Mechanizm zabezpiecze\u0144: <strong>WPA\/WPA2 enterprise<\/strong><\/li>\n<li>Typ szyfrowana : <strong>AES<\/strong><\/li>\n<li>Metoda uwierzytelniania <strong>EAP-PEAP<\/strong><\/li>\n<li>Uwierzytelnianie (faza 2): <strong>MSCHAPv2<\/strong><\/li>\n<li>Identyfikator i has\u0142o nadane przez Sekcj\u0119 Informatyki UP na podstawie wniosku o dost\u0119p do sieci Eduroam.<\/li>\n<\/ul>\n<p>Urz\u0105dzenia z systemami Windows XP\/Vista\/7\/8\/10 wymagaj\u0105 r\u0119cznej konfiguracji po\u0142\u0105czenia:<\/p>\n<ul>\n<li><a href=\"https:\/\/si.apsl.edu.pl\/pobierz\/instrukcjeeduroam\/Konfiguracja_eduroam_dla_urzadzen_mobilnych.pdf\">Konfiguracja eduroam dla urz\u0105dze\u0144 mobilnych.pdf<\/a><\/li>\n<li><a href=\"https:\/\/si.apsl.edu.pl\/pobierz\/instrukcjeeduroam\/Konfiguracja_eduroam_dla_Windows_XP.pdf\">Konfiguracja eduroam dla Windows XP.pdf<\/a><\/li>\n<li><a href=\"https:\/\/si.apsl.edu.pl\/pobierz\/instrukcjeeduroam\/Konfiguracja_eduroam_dla_Windows_Vista.pdf\">Konfiguracja eduroam dla Windows Vista.pdf<\/a><\/li>\n<li><a href=\"https:\/\/si.apsl.edu.pl\/pobierz\/instrukcjeeduroam\/Konfiguracja_eduroam_dla_Windows_7.pdf\">Konfiguracja eduroam dla Windows 7.pdf<\/a><\/li>\n<li><a href=\"https:\/\/si.apsl.edu.pl\/pobierz\/instrukcjeeduroam\/Konfiguracja_eduroam_dla_Windows_8.pdf\">Konfiguracja eduroam dla Windows 8.pdf<\/a><\/li>\n<li><a href=\"https:\/\/si.apsl.edu.pl\/pobierz\/instrukcjeeduroam\/Konfiguracja_eduroam_dla_Windows_10.pdf\">Konfiguracja eduroam dla Windows 10.pdf<\/a><\/li>\n<\/ul>\n","protected":false},"excerpt":{"rendered":"<p>Dost\u0119p do sieci bezprzewodowej Eduroam wymaga poprawnej konfiguracji interfejsu sieciowego: Nazwa sieci SSID : eduroam Obs\u0142ugiwane standardy 802.1x Mechanizm zabezpiecze\u0144: WPA\/WPA2 enterprise Typ szyfrowana : AES Metoda uwierzytelniania EAP-PEAP Uwierzytelnianie (faza 2): MSCHAPv2 Identyfikator i has\u0142o nadane przez Sekcj\u0119 Informatyki &hellip; <a href=\"https:\/\/eduroam.upsl.edu.pl\/index.php\/konfiguracja\/\">Czytaj dalej <span class=\"meta-nav\">&rarr;<\/span><\/a><\/p>\n","protected":false},"author":3,"featured_media":0,"parent":0,"menu_order":0,"comment_status":"closed","ping_status":"closed","template":"","meta":[],"_links":{"self":[{"href":"https:\/\/eduroam.upsl.edu.pl\/index.php\/wp-json\/wp\/v2\/pages\/145"}],"collection":[{"href":"https:\/\/eduroam.upsl.edu.pl\/index.php\/wp-json\/wp\/v2\/pages"}],"about":[{"href":"https:\/\/eduroam.upsl.edu.pl\/index.php\/wp-json\/wp\/v2\/types\/page"}],"author":[{"embeddable":true,"href":"https:\/\/eduroam.upsl.edu.pl\/index.php\/wp-json\/wp\/v2\/users\/3"}],"replies":[{"embeddable":true,"href":"https:\/\/eduroam.upsl.edu.pl\/index.php\/wp-json\/wp\/v2\/comments?post=145"}],"version-history":[{"count":10,"href":"https:\/\/eduroam.upsl.edu.pl\/index.php\/wp-json\/wp\/v2\/pages\/145\/revisions"}],"predecessor-version":[{"id":375,"href":"https:\/\/eduroam.upsl.edu.pl\/index.php\/wp-json\/wp\/v2\/pages\/145\/revisions\/375"}],"wp:attachment":[{"href":"https:\/\/eduroam.upsl.edu.pl\/index.php\/wp-json\/wp\/v2\/media?parent=145"}],"curies":[{"name":"wp","href":"https:\/\/api.w.org\/{rel}","templated":true}]}}